{"id":6150,"date":"2022-01-05T22:58:01","date_gmt":"2022-01-05T22:58:01","guid":{"rendered":"http:\/\/pierreferrari.fr\/?page_id=6150"},"modified":"2025-09-29T15:09:32","modified_gmt":"2025-09-29T13:09:32","slug":"vins","status":"publish","type":"page","link":"https:\/\/pierreferrari.fr\/en\/vins\/","title":{"rendered":"Wines"},"content":{"rendered":"<figure class=\"wp-block-gallery has-nested-images columns-default is-cropped wp-block-gallery-1 is-layout-flex wp-block-gallery-is-layout-flex\">\n<figure class=\"wp-block-image size-large\"><img loading=\"lazy\" decoding=\"async\" width=\"1024\" height=\"956\" data-id=\"6961\" src=\"http:\/\/pierreferrari.fr\/wp-content\/uploads\/2023\/04\/Capture-decran-2023-04-11-a-10.12.10-1024x956.png\" alt=\"\" class=\"wp-image-6961\" srcset=\"https:\/\/pierreferrari.fr\/wp-content\/uploads\/2023\/04\/Capture-decran-2023-04-11-a-10.12.10-1024x956.png 1024w, https:\/\/pierreferrari.fr\/wp-content\/uploads\/2023\/04\/Capture-decran-2023-04-11-a-10.12.10-300x280.png 300w, https:\/\/pierreferrari.fr\/wp-content\/uploads\/2023\/04\/Capture-decran-2023-04-11-a-10.12.10-150x140.png 150w, https:\/\/pierreferrari.fr\/wp-content\/uploads\/2023\/04\/Capture-decran-2023-04-11-a-10.12.10-768x717.png 768w, https:\/\/pierreferrari.fr\/wp-content\/uploads\/2023\/04\/Capture-decran-2023-04-11-a-10.12.10-1536x1434.png 1536w, https:\/\/pierreferrari.fr\/wp-content\/uploads\/2023\/04\/Capture-decran-2023-04-11-a-10.12.10-13x12.png 13w\" sizes=\"auto, (max-width: 1024px) 100vw, 1024px\" \/><\/figure>\n<\/figure>\n\n\n\n<p><u><strong>LE DOMAINE&nbsp;:<\/strong><\/u><\/p>\n\n\n\n<p class=\"has-text-align-left\">La Taillade se situe sur le sommet d\u2019une colline dans le sud-ouest, au milieu du Quercy blanc, dans la r\u00e9gion de Cahors.<\/p>\n\n\n\n<p class=\"has-text-align-left\">La v\u00e9g\u00e9tation de ces plateaux argilo-calcaires, un peu aust\u00e8re, se caract\u00e9rise par la pr\u00e9sence de petits ch\u00eanes et souvent de truffi\u00e8res.<\/p>\n\n\n\n<p class=\"has-text-align-left\">Son paysage avait d\u00e9j\u00e0 connu le dessin de la vigne jusqu\u2019aux ann\u00e9es 50, pour laisser ensuite la place \u00e0 la nature \u2026 et \u00e0 la musique.<\/p>\n\n\n\n<p class=\"has-text-align-left\">C\u2019est en 2014 que Pierre Ferrari d\u00e9cide d\u2019initier cette aventure dans la propri\u00e9t\u00e9 familiale.<\/p>\n\n\n\n<p class=\"has-text-align-left\">Tout est \u00e0 faire&nbsp;: pratiques administratives, achat des droits de plantation, pr\u00e9paration des sols, choix des c\u00e9pages, plantation en 2016, palissage, taille, travail du sol &#8230;<\/p>\n\n\n\n<p class=\"has-text-align-left\">Tout cela prend du temps, impose et apprend la patience&nbsp;; c\u2019est enfin en 2022 que les premi\u00e8res cuv\u00e9es voient le jour.<\/p>\n\n\n\n<p><\/p>\n\n\n\n<p><strong><u>LA CONDUITE&nbsp;DU VIGNOBLE&nbsp;:<\/u><\/strong><\/p>\n\n\n\n<p>\u00c0 la vigne comme \u00e0 la cave, tout est conduit dans le respect du vivant, qu\u2019il s\u2019agisse des sols, des plantes, du raisin ou de l\u2019humain.<\/p>\n\n\n\n<p>Cela ce fait par l\u2019observation et l\u2019\u00e9coute, par des tentatives et des erreurs, et cela impose une bonne dose d\u2019humilit\u00e9&#8230;<\/p>\n\n\n\n<p>La petite taille de l\u2019exploitation, 1,5 hectare, permet une r\u00e9colte exclusivement manuelle. Les grappes mures sont tri\u00e9es une premi\u00e8re fois sur pieds et transport\u00e9es en caissettes. Cela permet aux raisins d\u2019arriver au chai intacts pour commencer la vinification.<\/p>\n\n\n\n<p><\/p>\n\n\n\n<p><strong><u>AU CHAI<\/u><\/strong>:<\/p>\n\n\n\n<p>La vendange, une fois r\u00e9ceptionn\u00e9e, est \u00e9grapp\u00e9e pour le blanc et partiellement \u00e9grapp\u00e9e ou en grappe enti\u00e8re pour les rouges.<\/p>\n\n\n\n<p>La vinification est conduite avec les levures indig\u00e8nes.<\/p>\n\n\n\n<p>Nos vins sont non filtr\u00e9s et sans intrants.<\/p>\n\n\n\n<p><\/p>\n\n\n\n<figure class=\"wp-block-image size-large\"><img loading=\"lazy\" decoding=\"async\" width=\"768\" height=\"1024\" src=\"http:\/\/pierreferrari.fr\/wp-content\/uploads\/2023\/11\/IMG_6575-768x1024.jpg\" alt=\"\" class=\"wp-image-7246\" srcset=\"https:\/\/pierreferrari.fr\/wp-content\/uploads\/2023\/11\/IMG_6575-768x1024.jpg 768w, https:\/\/pierreferrari.fr\/wp-content\/uploads\/2023\/11\/IMG_6575-225x300.jpg 225w, https:\/\/pierreferrari.fr\/wp-content\/uploads\/2023\/11\/IMG_6575-113x150.jpg 113w, https:\/\/pierreferrari.fr\/wp-content\/uploads\/2023\/11\/IMG_6575-1152x1536.jpg 1152w, https:\/\/pierreferrari.fr\/wp-content\/uploads\/2023\/11\/IMG_6575-1536x2048.jpg 1536w, https:\/\/pierreferrari.fr\/wp-content\/uploads\/2023\/11\/IMG_6575-9x12.jpg 9w, https:\/\/pierreferrari.fr\/wp-content\/uploads\/2023\/11\/IMG_6575-scaled.jpg 1920w\" sizes=\"auto, (max-width: 768px) 100vw, 768px\" \/><\/figure>\n\n\n\n<p><strong><u>VINS<\/u><\/strong>:<\/p>\n\n\n\n<h3 class=\"wp-block-heading\">2024:<\/h3>\n\n\n\n<ul class=\"wp-block-list\">\n<li><strong>le blanc<\/strong> : 100% chardonnay, \u00e9levage de 6 mois, 600 bouteilles, 20\u20ac\/ b.<\/li>\n\n\n\n<li><strong>la Kiki<\/strong> : 100% syrah, 593 bouteilles, 18\u20ac\/b.<\/li>\n\n\n\n<li><strong>l&rsquo;assembl\u00e9e<\/strong> : 50% malbec 50% syrah, 298 bouteilles, 22\u20ac\/ b.<\/li>\n\n\n\n<li><strong>la 1\u00e8re<\/strong>: 100% malbec, 1164 bouteilles, 18\u20ac\/b.<\/li>\n<\/ul>\n\n\n\n<h3 class=\"wp-block-heading\"><strong>2022:<\/strong><\/h3>\n\n\n\n<p><strong>Cuv\u00e9e N\u00b0I dite \u00ab la premi\u00e8re \u00bb<\/strong> <strong>2022<\/strong><\/p>\n\n\n\n<p>C\u2019est apr\u00e8s des ann\u00e9es de travail, d\u2019apprentissage, de pr\u00e9occupations, de bons conseils et de joies que cette cuv\u00e9e 100% malbec, voit \u2013enfin- le jour.<\/p>\n\n\n\n<p>Nous l\u2019avons appel\u00e9e \u00ab&nbsp;<em>la premi\u00e8re<\/em>&nbsp;\u00bb, tout simplement. 1.541 bouteilles.<\/p>\n\n\n\n<p>20\u20ac \/ bouteille.<\/p>\n\n\n\n<p><em>(image\/photo qui renvoie \u00e0 la fiche technique)<\/em><\/p>\n\n\n\n<p><strong>Cuv\u00e9e N\u00b02 dite \u00ab la Kiki \u00bb<\/strong> <strong>2022<\/strong><\/p>\n\n\n\n<p>Nous l\u2019attendions avec patience, alors qu\u2019\u00e0 la cave elle faisait son travail en barriques.<\/p>\n\n\n\n<p>Cette cuv\u00e9e 100% syrah exprime de fa\u00e7on originale notre terroir. Elle est riche en ar\u00f4mes et \u00e9pices, une bulle de fruit qui par sa rondeur r\u00e9conforte le palais. 600 bouteilles.<\/p>\n\n\n\n<p>27\u20ac \/ bouteille.<\/p>\n\n\n\n<p><strong>Cuv\u00e9e N\u00b03 dite \u00ab l\u2019assembl\u00e9e\u00bb<\/strong> <strong>2022<\/strong><\/p>\n\n\n\n<p>Cette cuv\u00e9e na\u00eet de l\u2019assemblage du malbec et de la syrah, et d\u2019un affinage de 6 mois en barrique. Une union qui se r\u00e9v\u00e8le plus que captivante. 300 bouteilles, exclusif !<\/p>\n\n\n\n<p>32\u20ac \/ bouteille.<\/p>\n\n\n\n<p><strong>Cuv\u00e9e N\u00b04 dite \u00ab le blanc \u00bb<\/strong> <strong>2022<\/strong><\/p>\n\n\n\n<p>Blanc&nbsp;: ce n\u2019est pas par un manque d\u2019imagination, car il s\u2019agit tout \u00e0 fait d\u2019une \u00e9vidence.<\/p>\n\n\n\n<p>le Blanc: 100% chardonnay, \u00e9levage de 6 mois. A peine 600 bouteilles.<\/p>\n\n\n\n<p>24\u20ac \/ bouteille.<\/p>\n\n\n\n<p><\/p>\n\n\n\n<p><strong><u>VIDEO<\/u><\/strong>:<\/p>\n\n\n\n<p>Ce documentaire de 12 minutes a \u00e9t\u00e9 r\u00e9alis\u00e9 en 2022 par Erica Ferrari Zuccarello, lors de son Master 2 GVCS \u00e0 Cahors.<\/p>\n\n\n\n<p>Cette premi\u00e8re r\u00e9alisation, film\u00e9e avec un Iphone durant trois semaines rel\u00e8ve d\u2019un regard intime et discret sur un moment de vie.<\/p>\n\n\n\n<p><a href=\"https:\/\/vimeo.com\/manage\/videos\/828368922\">https:\/\/vimeo.com\/manage\/videos\/828368922<\/a><\/p>\n\n\n\n<p><strong><u>CONTACT \/ COMMANDES:<\/u><\/strong><\/p>\n\n\n\n<p>mail: pierreferrari@free.fr<\/p>\n\n\n\n<p>tel. +33 <strong>(0)6 03 36 26 90<\/strong><\/p>\n\n\n\n<p><a href=\"https:\/\/www.instagram.com\/pierre.ferrari.vins\/\">https:\/\/www.instagram.com\/pierre.ferrari.vins\/<\/a><\/p>\n\n\n\n<p><strong><u>Venir nous voir:<\/u><\/strong><\/p>\n\n\n\n<p>La Taillade<\/p>\n\n\n\n<p>1400 route de Sauveterre, Saint Cyprien<\/p>\n\n\n\n<p>46800 Lendou en Quercy<\/p>\n\n\n\n<p><\/p>","protected":false},"excerpt":{"rendered":"<p>LE DOMAINE&nbsp;: La Taillade se situe sur le sommet d\u2019une colline dans le sud-ouest, au milieu du Quercy blanc, dans la r\u00e9gion de Cahors. La v\u00e9g\u00e9tation de ces plateaux argilo-calcaires, un peu aust\u00e8re, se caract\u00e9rise par la pr\u00e9sence de petits ch\u00eanes et souvent de truffi\u00e8res. Son paysage avait d\u00e9j\u00e0 connu [&hellip;]<\/p>","protected":false},"author":1,"featured_media":0,"parent":0,"menu_order":0,"comment_status":"closed","ping_status":"closed","template":"","meta":{"footnotes":""},"class_list":["post-6150","page","type-page","status-publish","hentry"],"yoast_head":"<!-- This site is optimized with the Yoast SEO plugin v24.4 - https:\/\/yoast.com\/wordpress\/plugins\/seo\/ -->\n<title>Vins - Pierre Ferrari<\/title>\n<meta name=\"robots\" content=\"index, follow, max-snippet:-1, max-image-preview:large, max-video-preview:-1\" \/>\n<link rel=\"canonical\" href=\"http:\/\/pierreferrari.fr\/en\/vins\/\" \/>\n<meta property=\"og:locale\" content=\"en_GB\" \/>\n<meta property=\"og:type\" content=\"article\" \/>\n<meta property=\"og:title\" content=\"Vins - Pierre Ferrari\" \/>\n<meta property=\"og:description\" content=\"LE DOMAINE&nbsp;: La Taillade se situe sur le sommet d\u2019une colline dans le sud-ouest, au milieu du Quercy blanc, dans la r\u00e9gion de Cahors. La v\u00e9g\u00e9tation de ces plateaux argilo-calcaires, un peu aust\u00e8re, se caract\u00e9rise par la pr\u00e9sence de petits ch\u00eanes et souvent de truffi\u00e8res. Son paysage avait d\u00e9j\u00e0 connu [&hellip;]\" \/>\n<meta property=\"og:url\" content=\"http:\/\/pierreferrari.fr\/en\/vins\/\" \/>\n<meta property=\"og:site_name\" content=\"Pierre Ferrari\" \/>\n<meta property=\"article:modified_time\" content=\"2025-09-29T13:09:32+00:00\" \/>\n<meta property=\"og:image\" content=\"http:\/\/pierreferrari.fr\/wp-content\/uploads\/2023\/04\/Capture-decran-2023-04-11-a-10.12.10-1024x956.png\" \/>\n<meta name=\"twitter:card\" content=\"summary_large_image\" \/>\n<meta name=\"twitter:label1\" content=\"Estimated reading time\" \/>\n\t<meta name=\"twitter:data1\" content=\"4 minutes\" \/>\n<script type=\"application\/ld+json\" class=\"yoast-schema-graph\">{\"@context\":\"https:\/\/schema.org\",\"@graph\":[{\"@type\":\"WebPage\",\"@id\":\"http:\/\/pierreferrari.fr\/vins\/\",\"url\":\"http:\/\/pierreferrari.fr\/vins\/\",\"name\":\"Vins - Pierre Ferrari\",\"isPartOf\":{\"@id\":\"https:\/\/pierreferrari.fr\/en\/#website\"},\"primaryImageOfPage\":{\"@id\":\"http:\/\/pierreferrari.fr\/vins\/#primaryimage\"},\"image\":{\"@id\":\"http:\/\/pierreferrari.fr\/vins\/#primaryimage\"},\"thumbnailUrl\":\"http:\/\/pierreferrari.fr\/wp-content\/uploads\/2023\/04\/Capture-decran-2023-04-11-a-10.12.10-1024x956.png\",\"datePublished\":\"2022-01-05T22:58:01+00:00\",\"dateModified\":\"2025-09-29T13:09:32+00:00\",\"breadcrumb\":{\"@id\":\"http:\/\/pierreferrari.fr\/vins\/#breadcrumb\"},\"inLanguage\":\"en-GB\",\"potentialAction\":[{\"@type\":\"ReadAction\",\"target\":[\"http:\/\/pierreferrari.fr\/vins\/\"]}]},{\"@type\":\"ImageObject\",\"inLanguage\":\"en-GB\",\"@id\":\"http:\/\/pierreferrari.fr\/vins\/#primaryimage\",\"url\":\"http:\/\/pierreferrari.fr\/wp-content\/uploads\/2023\/04\/Capture-decran-2023-04-11-a-10.12.10-1024x956.png\",\"contentUrl\":\"http:\/\/pierreferrari.fr\/wp-content\/uploads\/2023\/04\/Capture-decran-2023-04-11-a-10.12.10-1024x956.png\"},{\"@type\":\"BreadcrumbList\",\"@id\":\"http:\/\/pierreferrari.fr\/vins\/#breadcrumb\",\"itemListElement\":[{\"@type\":\"ListItem\",\"position\":1,\"name\":\"Accueil\",\"item\":\"https:\/\/pierreferrari.fr\/en\/\"},{\"@type\":\"ListItem\",\"position\":2,\"name\":\"Vins\"}]},{\"@type\":\"WebSite\",\"@id\":\"https:\/\/pierreferrari.fr\/en\/#website\",\"url\":\"https:\/\/pierreferrari.fr\/en\/\",\"name\":\"Pierre Ferrari\",\"description\":\"\",\"potentialAction\":[{\"@type\":\"SearchAction\",\"target\":{\"@type\":\"EntryPoint\",\"urlTemplate\":\"https:\/\/pierreferrari.fr\/en\/?s={search_term_string}\"},\"query-input\":{\"@type\":\"PropertyValueSpecification\",\"valueRequired\":true,\"valueName\":\"search_term_string\"}}],\"inLanguage\":\"en-GB\"}]}<\/script>\n<!-- \/ Yoast SEO plugin. -->","yoast_head_json":{"title":"Vins - Pierre Ferrari","robots":{"index":"index","follow":"follow","max-snippet":"max-snippet:-1","max-image-preview":"max-image-preview:large","max-video-preview":"max-video-preview:-1"},"canonical":"http:\/\/pierreferrari.fr\/en\/vins\/","og_locale":"en_GB","og_type":"article","og_title":"Vins - Pierre Ferrari","og_description":"LE DOMAINE&nbsp;: La Taillade se situe sur le sommet d\u2019une colline dans le sud-ouest, au milieu du Quercy blanc, dans la r\u00e9gion de Cahors. La v\u00e9g\u00e9tation de ces plateaux argilo-calcaires, un peu aust\u00e8re, se caract\u00e9rise par la pr\u00e9sence de petits ch\u00eanes et souvent de truffi\u00e8res. Son paysage avait d\u00e9j\u00e0 connu [&hellip;]","og_url":"http:\/\/pierreferrari.fr\/en\/vins\/","og_site_name":"Pierre Ferrari","article_modified_time":"2025-09-29T13:09:32+00:00","og_image":[{"url":"http:\/\/pierreferrari.fr\/wp-content\/uploads\/2023\/04\/Capture-decran-2023-04-11-a-10.12.10-1024x956.png","type":"","width":"","height":""}],"twitter_card":"summary_large_image","twitter_misc":{"Estimated reading time":"4 minutes"},"schema":{"@context":"https:\/\/schema.org","@graph":[{"@type":"WebPage","@id":"http:\/\/pierreferrari.fr\/vins\/","url":"http:\/\/pierreferrari.fr\/vins\/","name":"Vins - Pierre Ferrari","isPartOf":{"@id":"https:\/\/pierreferrari.fr\/en\/#website"},"primaryImageOfPage":{"@id":"http:\/\/pierreferrari.fr\/vins\/#primaryimage"},"image":{"@id":"http:\/\/pierreferrari.fr\/vins\/#primaryimage"},"thumbnailUrl":"http:\/\/pierreferrari.fr\/wp-content\/uploads\/2023\/04\/Capture-decran-2023-04-11-a-10.12.10-1024x956.png","datePublished":"2022-01-05T22:58:01+00:00","dateModified":"2025-09-29T13:09:32+00:00","breadcrumb":{"@id":"http:\/\/pierreferrari.fr\/vins\/#breadcrumb"},"inLanguage":"en-GB","potentialAction":[{"@type":"ReadAction","target":["http:\/\/pierreferrari.fr\/vins\/"]}]},{"@type":"ImageObject","inLanguage":"en-GB","@id":"http:\/\/pierreferrari.fr\/vins\/#primaryimage","url":"http:\/\/pierreferrari.fr\/wp-content\/uploads\/2023\/04\/Capture-decran-2023-04-11-a-10.12.10-1024x956.png","contentUrl":"http:\/\/pierreferrari.fr\/wp-content\/uploads\/2023\/04\/Capture-decran-2023-04-11-a-10.12.10-1024x956.png"},{"@type":"BreadcrumbList","@id":"http:\/\/pierreferrari.fr\/vins\/#breadcrumb","itemListElement":[{"@type":"ListItem","position":1,"name":"Accueil","item":"https:\/\/pierreferrari.fr\/en\/"},{"@type":"ListItem","position":2,"name":"Vins"}]},{"@type":"WebSite","@id":"https:\/\/pierreferrari.fr\/en\/#website","url":"https:\/\/pierreferrari.fr\/en\/","name":"Pierre Ferrari","description":"","potentialAction":[{"@type":"SearchAction","target":{"@type":"EntryPoint","urlTemplate":"https:\/\/pierreferrari.fr\/en\/?s={search_term_string}"},"query-input":{"@type":"PropertyValueSpecification","valueRequired":true,"valueName":"search_term_string"}}],"inLanguage":"en-GB"}]}},"_links":{"self":[{"href":"https:\/\/pierreferrari.fr\/en\/wp-json\/wp\/v2\/pages\/6150","targetHints":{"allow":["GET"]}}],"collection":[{"href":"https:\/\/pierreferrari.fr\/en\/wp-json\/wp\/v2\/pages"}],"about":[{"href":"https:\/\/pierreferrari.fr\/en\/wp-json\/wp\/v2\/types\/page"}],"author":[{"embeddable":true,"href":"https:\/\/pierreferrari.fr\/en\/wp-json\/wp\/v2\/users\/1"}],"replies":[{"embeddable":true,"href":"https:\/\/pierreferrari.fr\/en\/wp-json\/wp\/v2\/comments?post=6150"}],"version-history":[{"count":15,"href":"https:\/\/pierreferrari.fr\/en\/wp-json\/wp\/v2\/pages\/6150\/revisions"}],"predecessor-version":[{"id":11150,"href":"https:\/\/pierreferrari.fr\/en\/wp-json\/wp\/v2\/pages\/6150\/revisions\/11150"}],"wp:attachment":[{"href":"https:\/\/pierreferrari.fr\/en\/wp-json\/wp\/v2\/media?parent=6150"}],"curies":[{"name":"wp","href":"https:\/\/api.w.org\/{rel}","templated":true}]}}