{"id":195,"date":"2018-05-04T14:41:37","date_gmt":"2018-05-04T14:41:37","guid":{"rendered":"http:\/\/dessau.select-themes.com\/?page_id=195"},"modified":"2026-03-03T13:26:11","modified_gmt":"2026-03-03T11:26:11","slug":"a-propos","status":"publish","type":"page","link":"https:\/\/pierreferrari.fr\/en\/a-propos\/","title":{"rendered":"About me"},"content":{"rendered":"<div data-vc-full-width=\"true\" data-vc-full-width-init=\"false\" data-vc-stretch-content=\"true\" class=\"vc_row wpb_row vc_row-fluid vc_custom_1668591258016 vc_row-has-fill vc_row-no-padding\" ><div class=\"wpb_column vc_column_container vc_col-sm-8 vc_col-lg-5 vc_col-md-7\"><div class=\"vc_column-inner vc_custom_1527690082258\"><div class=\"wpb_wrapper\"><div class=\"qodef-elements-holder   qodef-one-column  qodef-responsive-mode-768\" ><div class=\"qodef-eh-item\" style=\"background-color: #ffffff\" data-item-class=\"qodef-eh-custom-4100\" data-1366-1600=\"58px 30px 63px 30px\" data-1024-1366=\"58px 20px 63px\" data-768-1024=\"58px 20px 63px\" data-680-768=\"58px 25px 63px\" data-680=\"58px 20px 63px\">\n\t<div class=\"qodef-eh-item-inner\">\n\t\t<div class=\"qodef-eh-item-content qodef-eh-custom-4100\" style=\"padding: 58px 100px 63px 48px\">\n\t\t\t<div class=\"qodef-section-title-holder  qodef-st-standard qodef-st-title-left qodef-st-normal-space\" style=\"padding: 0px\">\n\t<div class=\"qodef-st-inner\">\n        \t\t\t\t\t<\/div>\n<\/div>\t\t<\/div>\n\t<\/div>\n<\/div><\/div><\/div><\/div><\/div><\/div><div class=\"vc_row-full-width vc_clearfix\"><\/div><div class=\"qodef-row-grid-section-wrapper\"  ><div class=\"qodef-row-grid-section\"><div class=\"vc_row wpb_row vc_row-fluid vc_custom_1527685834064\" ><div class=\"wpb_column vc_column_container vc_col-sm-12 vc_col-lg-offset-1 vc_col-lg-10 vc_col-md-offset-0 vc_col-md-12 vc_col-sm-offset-0\"><div class=\"vc_column-inner\"><div class=\"wpb_wrapper\"><div class=\"qodef-section-title-holder  qodef-st-standard qodef-st-title-left qodef-st-normal-space\" style=\"text-align: left\">\n\t<div class=\"qodef-st-inner\">\n        \t\t\t\t\t<h1 class=\"qodef-st-title\" >\n\t\t\t\tAbout me\t\t\t<\/h1>\n\t\t\t\t\t\t\t<span class=\"qodef-st-text\" style=\"margin-top: 17px\">\n\t\t\t\tPierre Ferrari d\u00e9veloppe depuis plusieurs ann\u00e9es un travail \u00e0 la crois\u00e9e de la sc\u00e9nographie et de la direction artistique.<br \/>\nChef d\u00e9corateur et architecte d\u2019int\u00e9rieur depuis presque 30 ans, il explore avant tout les espaces comme des territoires narratifs, des lieux \u00e0 activer, \u00e0 mettre en tension, \u00e0 r\u00e9v\u00e9ler.\nSon approche privil\u00e9gie le regard et l\u2019intuition. Chaque projet devient une composition o\u00f9 dialoguent mati\u00e8res, lumi\u00e8res, volumes et silences. Il ne s\u2019agit pas simplement d\u2019am\u00e9nager, mais de cr\u00e9er des atmosph\u00e8res, de construire des pr\u00e9sences, d\u2019orchestrer une exp\u00e9rience sensible. L\u2019attention au d\u00e9tail n\u2019est jamais d\u00e9corative : elle participe d\u2019une coh\u00e9rence, d\u2019une \u00e9criture globale.\nQu\u2019il con\u00e7oive un d\u00e9cor, une installation ou un lieu \u00e0 habiter, Pierre Ferrari travaille dans un esprit d\u2019\u00e9change et de recherche. Il s\u2019entoure d\u2019artisans, d\u2019artistes et d\u2019antiquaires, croisant savoir-faire traditionnels et gestes contemporains, pour composer des ensembles o\u00f9 l\u2019\u00e9pure dialogue avec la m\u00e9moire et trouver un \u00e9quilibre.\nFils de l\u2019artiste Nino Ferrer, il h\u00e9rite d\u2019un rapport instinctif \u00e0 la cr\u00e9ation, nourri par la libert\u00e9, le rythme et le go\u00fbt des formes singuli\u00e8res.\nEntre Paris et le Quercy, o\u00f9 il cultive \u00e9galement ses vignes, il poursuit une pratique attentive au temps, \u00e0 la transformation et \u00e0 la mati\u00e8re \u2014 qu\u2019elle soit architecturale, artistique ou vivante.\t\t\t<\/span>\n\t\t\t<\/div>\n<\/div><\/div><\/div><\/div><\/div><\/div><\/div>","protected":false},"excerpt":{"rendered":"\u00c0 propos Pierre Ferrari d\u00e9veloppe depuis plusieurs ann\u00e9es un travail \u00e0 la crois\u00e9e de la sc\u00e9nographie et de la direction artistique. Chef d\u00e9corateur et architecte d\u2019int\u00e9rieur depuis presque 30 ans, il explore avant tout les espaces comme des territoires narratifs, des lieux \u00e0 activer, \u00e0 mettre en tension, \u00e0 r\u00e9v\u00e9ler. [...]","protected":false},"author":1,"featured_media":0,"parent":0,"menu_order":0,"comment_status":"closed","ping_status":"closed","template":"","meta":{"footnotes":""},"class_list":["post-195","page","type-page","status-publish","hentry"],"yoast_head":"<!-- This site is optimized with the Yoast SEO plugin v24.4 - https:\/\/yoast.com\/wordpress\/plugins\/seo\/ -->\n<title>\u00c0 propos - Pierre Ferrari<\/title>\n<meta name=\"robots\" content=\"index, follow, max-snippet:-1, max-image-preview:large, max-video-preview:-1\" \/>\n<link rel=\"canonical\" href=\"https:\/\/pierreferrari.fr\/en\/a-propos\/\" \/>\n<meta property=\"og:locale\" content=\"en_GB\" \/>\n<meta property=\"og:type\" content=\"article\" \/>\n<meta property=\"og:title\" content=\"\u00c0 propos - Pierre Ferrari\" \/>\n<meta property=\"og:url\" content=\"https:\/\/pierreferrari.fr\/en\/a-propos\/\" \/>\n<meta property=\"og:site_name\" content=\"Pierre Ferrari\" \/>\n<meta property=\"article:modified_time\" content=\"2026-03-03T11:26:11+00:00\" \/>\n<meta name=\"twitter:card\" content=\"summary_large_image\" \/>\n<meta name=\"twitter:label1\" content=\"Estimated reading time\" \/>\n\t<meta name=\"twitter:data1\" content=\"2 minutes\" \/>\n<script type=\"application\/ld+json\" class=\"yoast-schema-graph\">{\"@context\":\"https:\/\/schema.org\",\"@graph\":[{\"@type\":\"WebPage\",\"@id\":\"https:\/\/pierreferrari.fr\/en\/a-propos\/\",\"url\":\"https:\/\/pierreferrari.fr\/en\/a-propos\/\",\"name\":\"\u00c0 propos - Pierre Ferrari\",\"isPartOf\":{\"@id\":\"https:\/\/pierreferrari.fr\/en\/#website\"},\"datePublished\":\"2018-05-04T14:41:37+00:00\",\"dateModified\":\"2026-03-03T11:26:11+00:00\",\"breadcrumb\":{\"@id\":\"https:\/\/pierreferrari.fr\/en\/a-propos\/#breadcrumb\"},\"inLanguage\":\"en-GB\",\"potentialAction\":[{\"@type\":\"ReadAction\",\"target\":[\"https:\/\/pierreferrari.fr\/en\/a-propos\/\"]}]},{\"@type\":\"BreadcrumbList\",\"@id\":\"https:\/\/pierreferrari.fr\/en\/a-propos\/#breadcrumb\",\"itemListElement\":[{\"@type\":\"ListItem\",\"position\":1,\"name\":\"Accueil\",\"item\":\"https:\/\/pierreferrari.fr\/en\/\"},{\"@type\":\"ListItem\",\"position\":2,\"name\":\"\u00c0 propos\"}]},{\"@type\":\"WebSite\",\"@id\":\"https:\/\/pierreferrari.fr\/en\/#website\",\"url\":\"https:\/\/pierreferrari.fr\/en\/\",\"name\":\"Pierre Ferrari\",\"description\":\"\",\"potentialAction\":[{\"@type\":\"SearchAction\",\"target\":{\"@type\":\"EntryPoint\",\"urlTemplate\":\"https:\/\/pierreferrari.fr\/en\/?s={search_term_string}\"},\"query-input\":{\"@type\":\"PropertyValueSpecification\",\"valueRequired\":true,\"valueName\":\"search_term_string\"}}],\"inLanguage\":\"en-GB\"}]}<\/script>\n<!-- \/ Yoast SEO plugin. -->","yoast_head_json":{"title":"\u00c0 propos - Pierre Ferrari","robots":{"index":"index","follow":"follow","max-snippet":"max-snippet:-1","max-image-preview":"max-image-preview:large","max-video-preview":"max-video-preview:-1"},"canonical":"https:\/\/pierreferrari.fr\/en\/a-propos\/","og_locale":"en_GB","og_type":"article","og_title":"\u00c0 propos - Pierre Ferrari","og_url":"https:\/\/pierreferrari.fr\/en\/a-propos\/","og_site_name":"Pierre Ferrari","article_modified_time":"2026-03-03T11:26:11+00:00","twitter_card":"summary_large_image","twitter_misc":{"Estimated reading time":"2 minutes"},"schema":{"@context":"https:\/\/schema.org","@graph":[{"@type":"WebPage","@id":"https:\/\/pierreferrari.fr\/en\/a-propos\/","url":"https:\/\/pierreferrari.fr\/en\/a-propos\/","name":"\u00c0 propos - Pierre Ferrari","isPartOf":{"@id":"https:\/\/pierreferrari.fr\/en\/#website"},"datePublished":"2018-05-04T14:41:37+00:00","dateModified":"2026-03-03T11:26:11+00:00","breadcrumb":{"@id":"https:\/\/pierreferrari.fr\/en\/a-propos\/#breadcrumb"},"inLanguage":"en-GB","potentialAction":[{"@type":"ReadAction","target":["https:\/\/pierreferrari.fr\/en\/a-propos\/"]}]},{"@type":"BreadcrumbList","@id":"https:\/\/pierreferrari.fr\/en\/a-propos\/#breadcrumb","itemListElement":[{"@type":"ListItem","position":1,"name":"Accueil","item":"https:\/\/pierreferrari.fr\/en\/"},{"@type":"ListItem","position":2,"name":"\u00c0 propos"}]},{"@type":"WebSite","@id":"https:\/\/pierreferrari.fr\/en\/#website","url":"https:\/\/pierreferrari.fr\/en\/","name":"Pierre Ferrari","description":"","potentialAction":[{"@type":"SearchAction","target":{"@type":"EntryPoint","urlTemplate":"https:\/\/pierreferrari.fr\/en\/?s={search_term_string}"},"query-input":{"@type":"PropertyValueSpecification","valueRequired":true,"valueName":"search_term_string"}}],"inLanguage":"en-GB"}]}},"_links":{"self":[{"href":"https:\/\/pierreferrari.fr\/en\/wp-json\/wp\/v2\/pages\/195","targetHints":{"allow":["GET"]}}],"collection":[{"href":"https:\/\/pierreferrari.fr\/en\/wp-json\/wp\/v2\/pages"}],"about":[{"href":"https:\/\/pierreferrari.fr\/en\/wp-json\/wp\/v2\/types\/page"}],"author":[{"embeddable":true,"href":"https:\/\/pierreferrari.fr\/en\/wp-json\/wp\/v2\/users\/1"}],"replies":[{"embeddable":true,"href":"https:\/\/pierreferrari.fr\/en\/wp-json\/wp\/v2\/comments?post=195"}],"version-history":[{"count":37,"href":"https:\/\/pierreferrari.fr\/en\/wp-json\/wp\/v2\/pages\/195\/revisions"}],"predecessor-version":[{"id":12838,"href":"https:\/\/pierreferrari.fr\/en\/wp-json\/wp\/v2\/pages\/195\/revisions\/12838"}],"wp:attachment":[{"href":"https:\/\/pierreferrari.fr\/en\/wp-json\/wp\/v2\/media?parent=195"}],"curies":[{"name":"wp","href":"https:\/\/api.w.org\/{rel}","templated":true}]}}